{"id":17,"date":"2025-06-17T06:15:29","date_gmt":"2025-06-17T06:15:29","guid":{"rendered":"https:\/\/assergard.tore.enson.se\/?page_id=17"},"modified":"2025-06-17T08:56:03","modified_gmt":"2025-06-17T08:56:03","slug":"om","status":"publish","type":"page","link":"https:\/\/assergard.tore.enson.se\/index.php\/om\/","title":{"rendered":"Om"},"content":{"rendered":"\n<p>Emil Asserg\u00e5rd f\u00f6dd 1991 i Undrom, \u00e4r en svensk l\u00e5tskrivare och musiker som sk\u00f6rdat stora framg\u00e5ngar sen han debuterade v\u00e5ren 2013 med skivan \u201dRakt fr\u00e5n hj\u00e4rtat.\u201d<\/p>\n\n\n\n<p>Han har varit signade hos skivbolagen&nbsp;<a href=\"https:\/\/www.universalmusic.com\/\" target=\"_blank\" rel=\"noreferrer noopener\">Universal Music group<\/a>&nbsp;och&nbsp;<a href=\"https:\/\/www.warnermusic.se\/\" target=\"_blank\" rel=\"noreferrer noopener\">Warner music<\/a>&nbsp;och har sl\u00e4ppt totalt 3 album och ett tjugotal singlar.<\/p>\n\n\n\n<p>Emil har upptr\u00e4tt i program som Bingolotto, Lotta p\u00e5 Liseberg och 2021 t\u00e4vlade han i Melodifestivalen med l\u00e5ten \u201dom allting skiter sig\u201d. Idag har han sammanlagt \u00f6ver 195 miljoner streams p\u00e5&nbsp;<a href=\"https:\/\/open.spotify.com\/artist\/3fpHdW8mp95bOCzRLcauZm?si=DtoUXvMpRGW-cU9IWGggug\" target=\"_blank\" rel=\"noreferrer noopener\">Spotify<\/a>&nbsp;och bokas f\u00f6r spelningar \u00f6ver hela landet.<\/p>\n\n\n\n<p><\/p>\n","protected":false},"excerpt":{"rendered":"<p>Emil Asserg\u00e5rd f\u00f6dd 1991 i Undrom, \u00e4r en svensk l\u00e5tskrivare och musiker som sk\u00f6rdat stora framg\u00e5ngar sen han debuterade v\u00e5ren 2013 med skivan \u201dRakt fr\u00e5n hj\u00e4rtat.\u201d Han har varit signade hos skivbolagen&nbsp;Universal Music group&nbsp;och&nbsp;Warner music&nbsp;och har sl\u00e4ppt totalt 3 album och ett tjugotal singlar. Emil har upptr\u00e4tt i program som Bingolotto, Lotta p\u00e5 Liseberg och [&hellip;]<\/p>\n","protected":false},"author":1,"featured_media":0,"parent":0,"menu_order":0,"comment_status":"closed","ping_status":"closed","template":"","meta":{"footnotes":""},"class_list":["post-17","page","type-page","status-publish","hentry"],"_links":{"self":[{"href":"https:\/\/assergard.tore.enson.se\/index.php\/wp-json\/wp\/v2\/pages\/17","targetHints":{"allow":["GET"]}}],"collection":[{"href":"https:\/\/assergard.tore.enson.se\/index.php\/wp-json\/wp\/v2\/pages"}],"about":[{"href":"https:\/\/assergard.tore.enson.se\/index.php\/wp-json\/wp\/v2\/types\/page"}],"author":[{"embeddable":true,"href":"https:\/\/assergard.tore.enson.se\/index.php\/wp-json\/wp\/v2\/users\/1"}],"replies":[{"embeddable":true,"href":"https:\/\/assergard.tore.enson.se\/index.php\/wp-json\/wp\/v2\/comments?post=17"}],"version-history":[{"count":2,"href":"https:\/\/assergard.tore.enson.se\/index.php\/wp-json\/wp\/v2\/pages\/17\/revisions"}],"predecessor-version":[{"id":118,"href":"https:\/\/assergard.tore.enson.se\/index.php\/wp-json\/wp\/v2\/pages\/17\/revisions\/118"}],"wp:attachment":[{"href":"https:\/\/assergard.tore.enson.se\/index.php\/wp-json\/wp\/v2\/media?parent=17"}],"curies":[{"name":"wp","href":"https:\/\/api.w.org\/{rel}","templated":true}]}}